{"id":4519,"date":"2024-09-06T13:34:34","date_gmt":"2024-09-06T13:34:34","guid":{"rendered":"https:\/\/bluxone.revego.tech\/?page_id=4519"},"modified":"2024-09-06T13:34:34","modified_gmt":"2024-09-06T13:34:34","slug":"about-us","status":"publish","type":"page","link":"https:\/\/bluxone.net\/en\/hakkimizda","title":{"rendered":"About Us"},"content":{"rendered":"<div data-elementor-type=\"wp-page\" data-elementor-id=\"4519\" class=\"elementor elementor-4519\" data-elementor-post-type=\"page\">\n\t\t\t\t\t\t<section class=\"elementor-section elementor-top-section elementor-element elementor-element-12f9bcb6 elementor-section-full_width elementor-section-height-min-height elementor-section-items-stretch elementor-section-height-default\" data-id=\"12f9bcb6\" data-element_type=\"section\" data-e-type=\"section\">\n\t\t\t\t\t\t<div class=\"elementor-container elementor-column-gap-default\">\n\t\t\t\t\t<div class=\"elementor-column elementor-col-50 elementor-top-column elementor-element elementor-element-428f53a9\" data-id=\"428f53a9\" data-element_type=\"column\" data-e-type=\"column\" data-settings=\"{&quot;background_background&quot;:&quot;classic&quot;}\">\n\t\t\t<div class=\"elementor-widget-wrap elementor-element-populated\">\n\t\t\t\t\t\t<div class=\"elementor-element elementor-element-1af7b364 elementor-widget-divider--view-line_text elementor-widget-divider--element-align-right elementor-widget__width-inherit elementor-absolute elementor-widget elementor-widget-divider\" data-id=\"1af7b364\" data-element_type=\"widget\" data-e-type=\"widget\" data-settings=\"{&quot;_position&quot;:&quot;absolute&quot;}\" data-widget_type=\"divider.default\">\n\t\t\t\t<div class=\"elementor-widget-container\">\n\t\t\t\t\t\t\t<div class=\"elementor-divider\">\n\t\t\t<span class=\"elementor-divider-separator\">\n\t\t\t\t\t\t\t<h1 class=\"elementor-divider__text elementor-divider__element\">\n\t\t\t\tAbout\t\t\t\t<\/h1>\n\t\t\t\t\t\t<\/span>\n\t\t<\/div>\n\t\t\t\t\t\t<\/div>\n\t\t\t\t<\/div>\n\t\t\t\t\t<\/div>\n\t\t<\/div>\n\t\t\t\t<div class=\"elementor-column elementor-col-50 elementor-top-column elementor-element elementor-element-338be7f6\" data-id=\"338be7f6\" data-element_type=\"column\" data-e-type=\"column\" data-settings=\"{&quot;background_background&quot;:&quot;classic&quot;}\">\n\t\t\t<div class=\"elementor-widget-wrap elementor-element-populated\">\n\t\t\t\t\t\t<div class=\"elementor-element elementor-element-2a95f575 elementor-widget elementor-widget-spacer\" data-id=\"2a95f575\" data-element_type=\"widget\" data-e-type=\"widget\" data-widget_type=\"spacer.default\">\n\t\t\t\t<div class=\"elementor-widget-container\">\n\t\t\t\t\t\t\t<div class=\"elementor-spacer\">\n\t\t\t<div class=\"elementor-spacer-inner\"><\/div>\n\t\t<\/div>\n\t\t\t\t\t\t<\/div>\n\t\t\t\t<\/div>\n\t\t\t\t\t<\/div>\n\t\t<\/div>\n\t\t\t\t\t<\/div>\n\t\t<\/section>\n\t\t\t\t<section class=\"elementor-section elementor-top-section elementor-element elementor-element-6e85b852 elementor-section-stretched elementor-section-full_width elementor-section-height-min-height elementor-section-height-default elementor-section-items-middle\" data-id=\"6e85b852\" data-element_type=\"section\" data-e-type=\"section\" data-settings=\"{&quot;stretch_section&quot;:&quot;section-stretched&quot;}\">\n\t\t\t\t\t\t<div class=\"elementor-container elementor-column-gap-default\">\n\t\t\t\t\t<div class=\"elementor-column elementor-col-50 elementor-top-column elementor-element elementor-element-4f649b2f\" data-id=\"4f649b2f\" data-element_type=\"column\" data-e-type=\"column\">\n\t\t\t<div class=\"elementor-widget-wrap elementor-element-populated\">\n\t\t\t\t\t\t<div class=\"elementor-element elementor-element-14a6c68f elementor-hidden-mobile elementor-widget elementor-widget-spacer\" data-id=\"14a6c68f\" data-element_type=\"widget\" data-e-type=\"widget\" data-widget_type=\"spacer.default\">\n\t\t\t\t<div class=\"elementor-widget-container\">\n\t\t\t\t\t\t\t<div class=\"elementor-spacer\">\n\t\t\t<div class=\"elementor-spacer-inner\"><\/div>\n\t\t<\/div>\n\t\t\t\t\t\t<\/div>\n\t\t\t\t<\/div>\n\t\t\t\t\t<\/div>\n\t\t<\/div>\n\t\t\t\t<div class=\"elementor-column elementor-col-50 elementor-top-column elementor-element elementor-element-31247ec0\" data-id=\"31247ec0\" data-element_type=\"column\" data-e-type=\"column\">\n\t\t\t<div class=\"elementor-widget-wrap elementor-element-populated\">\n\t\t\t\t\t\t<div class=\"elementor-element elementor-element-1a68bea elementor-widget-divider--view-line_text elementor-widget-divider--element-align-right elementor-widget__width-inherit elementor-widget elementor-widget-divider\" data-id=\"1a68bea\" data-element_type=\"widget\" data-e-type=\"widget\" data-widget_type=\"divider.default\">\n\t\t\t\t<div class=\"elementor-widget-container\">\n\t\t\t\t\t\t\t<div class=\"elementor-divider\">\n\t\t\t<span class=\"elementor-divider-separator\">\n\t\t\t\t\t\t\t<span class=\"elementor-divider__text elementor-divider__element\">\n\t\t\t\tWhat is blu.xone?\t\t\t\t<\/span>\n\t\t\t\t\t\t<\/span>\n\t\t<\/div>\n\t\t\t\t\t\t<\/div>\n\t\t\t\t<\/div>\n\t\t\t\t\t<\/div>\n\t\t<\/div>\n\t\t\t\t\t<\/div>\n\t\t<\/section>\n\t\t\t\t<section class=\"elementor-section elementor-top-section elementor-element elementor-element-680ba416 elementor-section-stretched elementor-hidden-mobile elementor-section-full_width elementor-section-height-default elementor-section-height-default\" data-id=\"680ba416\" data-element_type=\"section\" data-e-type=\"section\" data-settings=\"{&quot;stretch_section&quot;:&quot;section-stretched&quot;}\">\n\t\t\t\t\t\t<div class=\"elementor-container elementor-column-gap-default\">\n\t\t\t\t\t<div class=\"elementor-column elementor-col-50 elementor-top-column elementor-element elementor-element-1194a279\" data-id=\"1194a279\" data-element_type=\"column\" data-e-type=\"column\">\n\t\t\t<div class=\"elementor-widget-wrap elementor-element-populated\">\n\t\t\t\t\t\t<div class=\"elementor-element elementor-element-79e097bd elementor-widget elementor-widget-spacer\" data-id=\"79e097bd\" data-element_type=\"widget\" data-e-type=\"widget\" data-widget_type=\"spacer.default\">\n\t\t\t\t<div class=\"elementor-widget-container\">\n\t\t\t\t\t\t\t<div class=\"elementor-spacer\">\n\t\t\t<div class=\"elementor-spacer-inner\"><\/div>\n\t\t<\/div>\n\t\t\t\t\t\t<\/div>\n\t\t\t\t<\/div>\n\t\t\t\t\t<\/div>\n\t\t<\/div>\n\t\t\t\t<div class=\"elementor-column elementor-col-50 elementor-top-column elementor-element elementor-element-79077c6c\" data-id=\"79077c6c\" data-element_type=\"column\" data-e-type=\"column\">\n\t\t\t<div class=\"elementor-widget-wrap elementor-element-populated\">\n\t\t\t\t\t\t<div class=\"elementor-element elementor-element-788b9dad elementor-widget elementor-widget-text-editor\" data-id=\"788b9dad\" data-element_type=\"widget\" data-e-type=\"widget\" data-widget_type=\"text-editor.default\">\n\t\t\t\t<div class=\"elementor-widget-container\">\n\t\t\t\t\t\t\t\t\t<p><strong>REVEGO strengthens its position in the digital world and in the future with its new brand.<\/strong><\/p><p>Innovation has been one of the cornerstones of the company&#039;s philosophy since its establishment, and this value has been adopted with the same synergy by senior management and team members. The visionary approach of REVEGO leadership, which manages the innovation roadmap in the company&#039;s digital transformation projects with a horizontal hierarchy, imagines and implements together with the entire team.<\/p><p>In line with this value, REVEGO launches its new generation smart products focusing on innovation and technology under its new brand blu.xone. These products appeal to retail, logistics, industry and all sectors.<\/p>\t\t\t\t\t\t\t\t<\/div>\n\t\t\t\t<\/div>\n\t\t\t\t\t<\/div>\n\t\t<\/div>\n\t\t\t\t\t<\/div>\n\t\t<\/section>\n\t\t\t\t<section class=\"elementor-section elementor-top-section elementor-element elementor-element-1828de16 elementor-section-stretched elementor-hidden-desktop elementor-section-boxed elementor-section-height-default elementor-section-height-default\" data-id=\"1828de16\" data-element_type=\"section\" data-e-type=\"section\" data-settings=\"{&quot;stretch_section&quot;:&quot;section-stretched&quot;}\">\n\t\t\t\t\t\t<div class=\"elementor-container elementor-column-gap-default\">\n\t\t\t\t\t<div class=\"elementor-column elementor-col-100 elementor-top-column elementor-element elementor-element-53948007\" data-id=\"53948007\" data-element_type=\"column\" data-e-type=\"column\">\n\t\t\t<div class=\"elementor-widget-wrap elementor-element-populated\">\n\t\t\t\t\t\t<div class=\"elementor-element elementor-element-4451253e elementor-widget elementor-widget-text-editor\" data-id=\"4451253e\" data-element_type=\"widget\" data-e-type=\"widget\" data-widget_type=\"text-editor.default\">\n\t\t\t\t<div class=\"elementor-widget-container\">\n\t\t\t\t\t\t\t\t\t<p><strong>REVEGO systematically moves forward in the digital world and further strengthens its future position with its new brand.<\/strong><\/p><p><strong>\u00a0<\/strong><\/p><p>Since REVEGO was founded, one of the cornerstones of the company philosophy is the value of \u201cinnovation\u201d. This value is adopted with the same synergy from \u00dc\u00c7GE\u2019s top management to team members at all levels. \u00dc\u00c7GE management, which leads the innovative roadmap in the institution\u2019s digital transformation projects with a visionary approach and a horizontal hierarchy approach, imagines and implements together with its entire team.<\/p><p>In light of this value, \u00dc\u00c7GE is launching its innovation and technology-focused new generation smart products, which it developed in its R&amp;D Center and appeal to retail, logistics, industry and all sectors, under the roof of its new brand, blu.xone.<\/p>\t\t\t\t\t\t\t\t<\/div>\n\t\t\t\t<\/div>\n\t\t\t\t\t<\/div>\n\t\t<\/div>\n\t\t\t\t\t<\/div>\n\t\t<\/section>\n\t\t\t\t<\/div>","protected":false},"excerpt":{"rendered":"<p>Hakk\u0131nda blu.xone nedir? REVEGO, yeni markas\u0131 ile dijital d\u00fcnyada ve gelecekteki konumunu g\u00fc\u00e7lendiriyor. \u0130novasyon, kurulu\u015fundan bu yana \u015firket felsefesinin temel ta\u015flar\u0131ndan biri olmu\u015ftur ve bu de\u011fer, \u00fcst y\u00f6netim ve ekip \u00fcyeleri taraf\u0131ndan ayn\u0131 sinerjiyle benimsenmi\u015ftir. Yatay hiyerar\u015fi ile \u015firketin dijital d\u00f6n\u00fc\u015f\u00fcm projelerinde inovasyon yol haritas\u0131n\u0131 y\u00f6neten REVEGO liderli\u011finin vizyoner yakla\u015f\u0131m\u0131, t\u00fcm ekibiyle birlikte hayal eder ve uygular. Bu de\u011fere uygun olarak REVEGO, inovasyon ve [&hellip;]<\/p>\n","protected":false},"author":1,"featured_media":0,"parent":0,"menu_order":0,"comment_status":"closed","ping_status":"closed","template":"","meta":{"footnotes":""},"class_list":["post-4519","page","type-page","status-publish","hentry"],"_links":{"self":[{"href":"https:\/\/bluxone.net\/en\/wp-json\/wp\/v2\/pages\/4519","targetHints":{"allow":["GET"]}}],"collection":[{"href":"https:\/\/bluxone.net\/en\/wp-json\/wp\/v2\/pages"}],"about":[{"href":"https:\/\/bluxone.net\/en\/wp-json\/wp\/v2\/types\/page"}],"author":[{"embeddable":true,"href":"https:\/\/bluxone.net\/en\/wp-json\/wp\/v2\/users\/1"}],"replies":[{"embeddable":true,"href":"https:\/\/bluxone.net\/en\/wp-json\/wp\/v2\/comments?post=4519"}],"version-history":[{"count":0,"href":"https:\/\/bluxone.net\/en\/wp-json\/wp\/v2\/pages\/4519\/revisions"}],"wp:attachment":[{"href":"https:\/\/bluxone.net\/en\/wp-json\/wp\/v2\/media?parent=4519"}],"curies":[{"name":"wp","href":"https:\/\/api.w.org\/{rel}","templated":true}]}}